{"id":185,"date":"2023-01-22T19:35:08","date_gmt":"2023-01-22T18:35:08","guid":{"rendered":"https:\/\/milagrosisabelcobos.wordpress.com\/?page_id=185"},"modified":"2023-06-11T16:17:57","modified_gmt":"2023-06-11T16:17:57","slug":"casa-junco-palencia-milagros-isabel","status":"publish","type":"page","link":"https:\/\/milagrosisabelcobos.com\/?page_id=185","title":{"rendered":"Casa Junco Palencia"},"content":{"rendered":"\n<p class=\"has-text-align-center\">Exposici\u00f3n &#8220;Casa Junco&#8221; Palencia. Me gusta que la ciudad cobre vida. Me recreo en los peque\u00f1os detalles, las terrazas peque\u00f1itas, los puntos de luz, los coches aparcados en una calle. Todo ello da vida, te humaniza la ciudad<\/p>\n\n\n\n<figure class=\"wp-block-gallery has-nested-images columns-default is-cropped wp-block-gallery-1 is-layout-flex\">\n<figure class=\"wp-block-image size-large\"><img decoding=\"async\" data-id=\"191\"  src=\"https:\/\/milagrosisabelcobos.files.wordpress.com\/2023\/01\/cache_2463415455-1920w.webp?w=1024\" alt=\"\" class=\"wp-image-191\"\/><\/figure>\n\n\n\n<figure class=\"wp-block-image size-large\"><img decoding=\"async\" data-id=\"192\"  src=\"https:\/\/milagrosisabelcobos.files.wordpress.com\/2023\/01\/cache_2463415454-1920w.webp?w=1024\" alt=\"\" class=\"wp-image-192\"\/><\/figure>\n\n\n\n<figure class=\"wp-block-image size-large\"><img decoding=\"async\" data-id=\"198\"  src=\"https:\/\/milagrosisabelcobos.files.wordpress.com\/2023\/01\/cache_2463415453-1920w.webp?w=1024\" alt=\"\" class=\"wp-image-198\"\/><\/figure>\n\n\n\n<figure class=\"wp-block-image size-large\"><img decoding=\"async\" data-id=\"190\"  src=\"https:\/\/milagrosisabelcobos.files.wordpress.com\/2023\/01\/cache_2463415452-1920w.webp?w=1024\" alt=\"\" class=\"wp-image-190\"\/><\/figure>\n\n\n\n<figure class=\"wp-block-image size-large\"><img decoding=\"async\" data-id=\"189\"  src=\"https:\/\/milagrosisabelcobos.files.wordpress.com\/2023\/01\/cache_2463415451-1920w.webp?w=1024\" alt=\"\" class=\"wp-image-189\"\/><\/figure>\n\n\n\n<figure class=\"wp-block-image size-large\"><img decoding=\"async\" data-id=\"193\"  src=\"https:\/\/milagrosisabelcobos.files.wordpress.com\/2023\/01\/cache_2463415450-1920w.webp?w=1024\" alt=\"\" class=\"wp-image-193\"\/><\/figure>\n\n\n\n<figure class=\"wp-block-image size-large\"><img decoding=\"async\" data-id=\"187\"  src=\"https:\/\/milagrosisabelcobos.files.wordpress.com\/2023\/01\/cache_2463415449-1920w.webp?w=512\" alt=\"\" class=\"wp-image-187\"\/><\/figure>\n\n\n\n<figure class=\"wp-block-image size-large\"><img decoding=\"async\" data-id=\"188\"  src=\"https:\/\/milagrosisabelcobos.files.wordpress.com\/2023\/01\/cache_2463415448-1920w.webp?w=1024\" alt=\"\" class=\"wp-image-188\"\/><\/figure>\n\n\n\n<figure class=\"wp-block-image size-large\"><img decoding=\"async\" data-id=\"199\"  src=\"https:\/\/milagrosisabelcobos.files.wordpress.com\/2023\/01\/cache_2463415447-1920w.webp?w=1024\" alt=\"\" class=\"wp-image-199\"\/><\/figure>\n\n\n\n<figure class=\"wp-block-image size-large\"><img decoding=\"async\" data-id=\"194\"  src=\"https:\/\/milagrosisabelcobos.files.wordpress.com\/2023\/01\/cache_2463415446-1920w.webp?w=1024\" alt=\"\" class=\"wp-image-194\"\/><\/figure>\n\n\n\n<figure class=\"wp-block-image size-large\"><img decoding=\"async\" data-id=\"186\"  src=\"https:\/\/milagrosisabelcobos.files.wordpress.com\/2023\/01\/cache_2463415445-1920w.webp?w=1024\" alt=\"\" class=\"wp-image-186\"\/><\/figure>\n\n\n\n<figure class=\"wp-block-image size-large\"><img decoding=\"async\" data-id=\"197\"  src=\"https:\/\/milagrosisabelcobos.files.wordpress.com\/2023\/01\/cache_2463415443-1920w.webp?w=1024\" alt=\"\" class=\"wp-image-197\"\/><\/figure>\n\n\n\n<figure class=\"wp-block-image size-large\"><img decoding=\"async\" data-id=\"195\"  src=\"https:\/\/milagrosisabelcobos.files.wordpress.com\/2023\/01\/cache_2463415444-1920w.webp?w=1024\" alt=\"\" class=\"wp-image-195\"\/><\/figure>\n\n\n\n<figure class=\"wp-block-image size-large\"><img decoding=\"async\" data-id=\"214\"  src=\"http:\/\/milagrosisabelcobos.com\/wp-content\/uploads\/2023\/01\/cache_2463415441-1920w.jpg?w=1024\" alt=\"\" class=\"wp-image-214\"\/><\/figure>\n\n\n\n<figure class=\"wp-block-image size-large\"><img decoding=\"async\" data-id=\"207\"  src=\"http:\/\/milagrosisabelcobos.com\/wp-content\/uploads\/2023\/01\/cache_2463415440-1920w.jpg?w=1024\" alt=\"\" class=\"wp-image-207\"\/><\/figure>\n\n\n\n<figure class=\"wp-block-image size-large\"><img decoding=\"async\" data-id=\"196\"  src=\"https:\/\/milagrosisabelcobos.files.wordpress.com\/2023\/01\/cache_2463415439-1920w.webp?w=512\" alt=\"\" class=\"wp-image-196\"\/><\/figure>\n\n\n\n<figure class=\"wp-block-image size-large\"><img decoding=\"async\" data-id=\"201\"  src=\"https:\/\/milagrosisabelcobos.files.wordpress.com\/2023\/01\/cache_2463415438-1920w.webp?w=512\" alt=\"\" class=\"wp-image-201\"\/><\/figure>\n\n\n\n<figure class=\"wp-block-image size-large\"><img decoding=\"async\" data-id=\"200\"  src=\"https:\/\/milagrosisabelcobos.files.wordpress.com\/2023\/01\/cache_2463415437-1920w.webp?w=512\" alt=\"\" class=\"wp-image-200\"\/><\/figure>\n\n\n\n<figure class=\"wp-block-image size-large\"><img decoding=\"async\" data-id=\"203\"  src=\"http:\/\/milagrosisabelcobos.com\/wp-content\/uploads\/2023\/01\/cache_2463415436-1920w.jpg?w=512\" alt=\"\" class=\"wp-image-203\"\/><\/figure>\n\n\n\n<figure class=\"wp-block-image size-large\"><img decoding=\"async\" data-id=\"209\"  src=\"http:\/\/milagrosisabelcobos.com\/wp-content\/uploads\/2023\/01\/cache_2463415435-1920w.jpg?w=512\" alt=\"\" class=\"wp-image-209\"\/><\/figure>\n\n\n\n<figure class=\"wp-block-image size-large\"><img decoding=\"async\" data-id=\"202\"  src=\"https:\/\/milagrosisabelcobos.files.wordpress.com\/2023\/01\/cache_2463415434-1920w.webp?w=1024\" alt=\"\" class=\"wp-image-202\"\/><\/figure>\n\n\n\n<figure class=\"wp-block-image size-large\"><img decoding=\"async\" data-id=\"211\"  src=\"http:\/\/milagrosisabelcobos.com\/wp-content\/uploads\/2023\/01\/cache_2463415433-1920w.jpg?w=1024\" alt=\"\" class=\"wp-image-211\"\/><\/figure>\n\n\n\n<figure class=\"wp-block-image size-large\"><img decoding=\"async\" data-id=\"215\"  src=\"http:\/\/milagrosisabelcobos.com\/wp-content\/uploads\/2023\/01\/cache_2463415432-1920w.jpg?w=1024\" alt=\"\" class=\"wp-image-215\"\/><\/figure>\n\n\n\n<figure class=\"wp-block-image size-large\"><img decoding=\"async\" data-id=\"222\"  src=\"http:\/\/milagrosisabelcobos.com\/wp-content\/uploads\/2023\/01\/cache_2463415431-1920w.jpg?w=1024\" alt=\"\" class=\"wp-image-222\"\/><\/figure>\n\n\n\n<figure class=\"wp-block-image size-large\"><img decoding=\"async\" data-id=\"205\"  src=\"http:\/\/milagrosisabelcobos.com\/wp-content\/uploads\/2023\/01\/cache_2463415430-1920w.jpg?w=1024\" alt=\"\" class=\"wp-image-205\"\/><\/figure>\n\n\n\n<figure class=\"wp-block-image size-large\"><img decoding=\"async\" data-id=\"220\"  src=\"http:\/\/milagrosisabelcobos.com\/wp-content\/uploads\/2023\/01\/cache_2463415429-1920w.jpg?w=1024\" alt=\"\" class=\"wp-image-220\"\/><\/figure>\n\n\n\n<figure class=\"wp-block-image size-large\"><img decoding=\"async\" data-id=\"213\"  src=\"http:\/\/milagrosisabelcobos.com\/wp-content\/uploads\/2023\/01\/cache_2463415427-1920w.jpg?w=1024\" alt=\"\" class=\"wp-image-213\"\/><\/figure>\n\n\n\n<figure class=\"wp-block-image size-large\"><img decoding=\"async\" data-id=\"240\"  src=\"http:\/\/milagrosisabelcobos.com\/wp-content\/uploads\/2023\/01\/cache_2463415428-1920w.jpg?w=1024\" alt=\"\" class=\"wp-image-240\"\/><\/figure>\n\n\n\n<figure class=\"wp-block-image size-large\"><img decoding=\"async\" data-id=\"210\"  src=\"http:\/\/milagrosisabelcobos.com\/wp-content\/uploads\/2023\/01\/cache_2463415426-1920w.jpg?w=512\" alt=\"\" class=\"wp-image-210\"\/><\/figure>\n\n\n\n<figure class=\"wp-block-image size-large\"><img decoding=\"async\" data-id=\"224\"  src=\"http:\/\/milagrosisabelcobos.com\/wp-content\/uploads\/2023\/01\/cache_2463415425-1920w.jpg?w=1024\" alt=\"\" class=\"wp-image-224\"\/><\/figure>\n\n\n\n<figure class=\"wp-block-image size-large\"><img decoding=\"async\" data-id=\"242\"  src=\"http:\/\/milagrosisabelcobos.com\/wp-content\/uploads\/2023\/01\/cache_2463415424-1920w.jpg?w=1024\" alt=\"\" class=\"wp-image-242\"\/><\/figure>\n\n\n\n<figure class=\"wp-block-image size-large\"><img decoding=\"async\" data-id=\"227\"  src=\"http:\/\/milagrosisabelcobos.com\/wp-content\/uploads\/2023\/01\/cache_2463415423-1920w.jpg?w=1024\" alt=\"\" class=\"wp-image-227\"\/><\/figure>\n\n\n\n<figure class=\"wp-block-image size-large\"><img decoding=\"async\" data-id=\"206\"  src=\"http:\/\/milagrosisabelcobos.com\/wp-content\/uploads\/2023\/01\/cache_2463415422-1920w.jpg?w=1024\" alt=\"\" class=\"wp-image-206\"\/><\/figure>\n\n\n\n<figure class=\"wp-block-image size-large\"><img decoding=\"async\" data-id=\"244\"  src=\"http:\/\/milagrosisabelcobos.com\/wp-content\/uploads\/2023\/01\/cache_2463415420-1920w.jpg?w=1024\" alt=\"\" class=\"wp-image-244\"\/><\/figure>\n\n\n\n<figure class=\"wp-block-image size-large\"><img decoding=\"async\" data-id=\"204\"  src=\"http:\/\/milagrosisabelcobos.com\/wp-content\/uploads\/2023\/01\/cache_2463415419-1920w.jpg?w=512\" alt=\"\" class=\"wp-image-204\"\/><\/figure>\n\n\n\n<figure class=\"wp-block-image size-large\"><img decoding=\"async\" data-id=\"234\"  src=\"http:\/\/milagrosisabelcobos.com\/wp-content\/uploads\/2023\/01\/cache_2463415418-1920w.jpg?w=1024\" alt=\"\" class=\"wp-image-234\"\/><\/figure>\n\n\n\n<figure class=\"wp-block-image size-large\"><img decoding=\"async\" data-id=\"212\"  src=\"http:\/\/milagrosisabelcobos.com\/wp-content\/uploads\/2023\/01\/cache_2463415417-1920w.jpg?w=1024\" alt=\"\" class=\"wp-image-212\"\/><\/figure>\n\n\n\n<figure class=\"wp-block-image size-large\"><img decoding=\"async\" data-id=\"216\"  src=\"http:\/\/milagrosisabelcobos.com\/wp-content\/uploads\/2023\/01\/cache_2463415416-1920w.jpg?w=512\" alt=\"\" class=\"wp-image-216\"\/><\/figure>\n\n\n\n<figure class=\"wp-block-image size-large\"><img decoding=\"async\" data-id=\"221\"  src=\"http:\/\/milagrosisabelcobos.com\/wp-content\/uploads\/2023\/01\/cache_2463415415-1920w.jpg?w=512\" alt=\"\" class=\"wp-image-221\"\/><\/figure>\n\n\n\n<figure class=\"wp-block-image size-large\"><img decoding=\"async\" data-id=\"223\"  src=\"http:\/\/milagrosisabelcobos.com\/wp-content\/uploads\/2023\/01\/cache_2463415413-1920w.jpg?w=1024\" alt=\"\" class=\"wp-image-223\"\/><\/figure>\n\n\n\n<figure class=\"wp-block-image size-large\"><img decoding=\"async\" data-id=\"217\"  src=\"http:\/\/milagrosisabelcobos.com\/wp-content\/uploads\/2023\/01\/cache_2463415414-1920w.jpg?w=512\" alt=\"\" class=\"wp-image-217\"\/><\/figure>\n\n\n\n<figure class=\"wp-block-image size-large\"><img decoding=\"async\" data-id=\"226\"  src=\"http:\/\/milagrosisabelcobos.com\/wp-content\/uploads\/2023\/01\/cache_2463415412-1920w.jpg?w=1024\" alt=\"\" class=\"wp-image-226\"\/><\/figure>\n\n\n\n<figure class=\"wp-block-image size-large\"><img decoding=\"async\" data-id=\"225\"  src=\"http:\/\/milagrosisabelcobos.com\/wp-content\/uploads\/2023\/01\/cache_2463415411-1920w.jpg?w=1024\" alt=\"\" class=\"wp-image-225\"\/><\/figure>\n\n\n\n<figure class=\"wp-block-image size-large\"><img decoding=\"async\" data-id=\"230\"  src=\"http:\/\/milagrosisabelcobos.com\/wp-content\/uploads\/2023\/01\/cache_2463415410-1920w.jpg?w=1024\" alt=\"\" class=\"wp-image-230\"\/><\/figure>\n\n\n\n<figure class=\"wp-block-image size-large\"><img decoding=\"async\" data-id=\"235\"  src=\"http:\/\/milagrosisabelcobos.com\/wp-content\/uploads\/2023\/01\/cache_2463415409-1920w.jpg?w=1024\" alt=\"\" class=\"wp-image-235\"\/><\/figure>\n\n\n\n<figure class=\"wp-block-image size-large\"><img decoding=\"async\" data-id=\"218\"  src=\"http:\/\/milagrosisabelcobos.com\/wp-content\/uploads\/2023\/01\/cache_2463415408-1920w.jpg?w=512\" alt=\"\" class=\"wp-image-218\"\/><\/figure>\n\n\n\n<figure class=\"wp-block-image size-large\"><img decoding=\"async\" data-id=\"208\"  src=\"http:\/\/milagrosisabelcobos.com\/wp-content\/uploads\/2023\/01\/cache_2463415407-1920w.jpg?w=1024\" alt=\"\" class=\"wp-image-208\"\/><\/figure>\n\n\n\n<figure class=\"wp-block-image size-large\"><img decoding=\"async\" data-id=\"232\"  src=\"http:\/\/milagrosisabelcobos.com\/wp-content\/uploads\/2023\/01\/cache_2463415406-1920w.jpg?w=1024\" alt=\"\" class=\"wp-image-232\"\/><\/figure>\n\n\n\n<figure class=\"wp-block-image size-large\"><img decoding=\"async\" data-id=\"236\"  src=\"http:\/\/milagrosisabelcobos.com\/wp-content\/uploads\/2023\/01\/cache_2463415405-1920w.jpg?w=1024\" alt=\"\" class=\"wp-image-236\"\/><\/figure>\n\n\n\n<figure class=\"wp-block-image size-large\"><img decoding=\"async\" data-id=\"239\"  src=\"http:\/\/milagrosisabelcobos.com\/wp-content\/uploads\/2023\/01\/cache_2463415403-1920w.jpg?w=512\" alt=\"\" class=\"wp-image-239\"\/><\/figure>\n\n\n\n<figure class=\"wp-block-image size-large\"><img decoding=\"async\" data-id=\"228\"  src=\"http:\/\/milagrosisabelcobos.com\/wp-content\/uploads\/2023\/01\/cache_2463415402-1920w.jpg?w=1024\" alt=\"\" class=\"wp-image-228\"\/><\/figure>\n\n\n\n<figure class=\"wp-block-image size-large\"><img decoding=\"async\" data-id=\"246\"  src=\"http:\/\/milagrosisabelcobos.com\/wp-content\/uploads\/2023\/01\/cache_2461234456-1920w.jpg?w=1024\" alt=\"\" class=\"wp-image-246\"\/><\/figure>\n\n\n\n<figure class=\"wp-block-image size-large\"><img decoding=\"async\" data-id=\"231\"  src=\"http:\/\/milagrosisabelcobos.com\/wp-content\/uploads\/2023\/01\/cache_2463415401-1920w.jpg?w=1024\" alt=\"\" class=\"wp-image-231\"\/><\/figure>\n\n\n\n<figure class=\"wp-block-image size-large\"><img decoding=\"async\" data-id=\"243\"  src=\"http:\/\/milagrosisabelcobos.com\/wp-content\/uploads\/2023\/01\/cache_2461234455-1920w.jpg?w=1024\" alt=\"\" class=\"wp-image-243\"\/><\/figure>\n\n\n\n<figure class=\"wp-block-image size-large\"><img decoding=\"async\" data-id=\"237\"  src=\"http:\/\/milagrosisabelcobos.com\/wp-content\/uploads\/2023\/01\/cache_2461234454-1920w.jpg?w=861\" alt=\"\" class=\"wp-image-237\"\/><\/figure>\n\n\n\n<figure class=\"wp-block-image size-large\"><img decoding=\"async\" data-id=\"245\"  src=\"http:\/\/milagrosisabelcobos.com\/wp-content\/uploads\/2023\/01\/cache_2461234453-1920w.jpg?w=923\" alt=\"\" class=\"wp-image-245\"\/><\/figure>\n\n\n\n<figure class=\"wp-block-image size-large\"><img decoding=\"async\" data-id=\"241\"  src=\"http:\/\/milagrosisabelcobos.com\/wp-content\/uploads\/2023\/01\/cache_2461234452-1920w.jpg?w=1024\" alt=\"\" class=\"wp-image-241\"\/><\/figure>\n\n\n\n<figure class=\"wp-block-image size-large\"><img decoding=\"async\" data-id=\"238\"  src=\"http:\/\/milagrosisabelcobos.com\/wp-content\/uploads\/2023\/01\/cache_2461234451-1920w.jpg?w=979\" alt=\"\" class=\"wp-image-238\"\/><\/figure>\n\n\n\n<figure class=\"wp-block-image size-large\"><img decoding=\"async\" data-id=\"233\"  src=\"http:\/\/milagrosisabelcobos.com\/wp-content\/uploads\/2023\/01\/cache_2461234450-1920w.jpg?w=1024\" alt=\"\" class=\"wp-image-233\"\/><\/figure>\n\n\n\n<figure class=\"wp-block-image size-large\"><img decoding=\"async\" data-id=\"219\"  src=\"http:\/\/milagrosisabelcobos.com\/wp-content\/uploads\/2023\/01\/cache_2461234448-1920w.jpg?w=1024\" alt=\"\" class=\"wp-image-219\"\/><\/figure>\n\n\n\n<figure class=\"wp-block-image size-large\"><img decoding=\"async\" data-id=\"229\"  src=\"http:\/\/milagrosisabelcobos.com\/wp-content\/uploads\/2023\/01\/cache_2461234449-1920w.jpg?w=1024\" alt=\"\" class=\"wp-image-229\"\/><\/figure>\n<\/figure>\n","protected":false},"excerpt":{"rendered":"<p>Exposici\u00f3n &#8220;Casa Junco&#8221; Palencia. Me gusta que la ciudad cobre vida. Me recreo en los peque\u00f1os detalles, las terrazas peque\u00f1itas, los puntos de luz, los coches aparcados en una calle. Todo ello da vida, te humaniza la ciudad<\/p>\n","protected":false},"author":1,"featured_media":0,"parent":0,"menu_order":0,"comment_status":"open","ping_status":"closed","template":"","meta":{"_mi_skip_tracking":false,"_monsterinsights_sitenote_active":false,"_monsterinsights_sitenote_note":"","_monsterinsights_sitenote_category":0},"yoast_head":"<!-- This site is optimized with the Yoast SEO plugin v20.8 - https:\/\/yoast.com\/wordpress\/plugins\/seo\/ -->\n<title>Casa Junco Palencia - Milagros Isabel Cobos - Artes Pl\u00e1sticas<\/title>\n<meta name=\"description\" content=\"Casa Junco Palencia. Exposici\u00f3n de Milagros Isabel Cobos en Casa Junco. Un reto pintar esa ciudad, sus edificios como colosos, sus luces.\" \/>\n<meta name=\"robots\" content=\"index, follow, max-snippet:-1, max-image-preview:large, max-video-preview:-1\" \/>\n<link rel=\"canonical\" href=\"https:\/\/milagrosisabelcobos.com\/?page_id=185\" \/>\n<meta property=\"og:locale\" content=\"en_US\" \/>\n<meta property=\"og:type\" content=\"article\" \/>\n<meta property=\"og:title\" content=\"Casa Junco Palencia - Milagros Isabel Cobos - Artes Pl\u00e1sticas\" \/>\n<meta property=\"og:description\" content=\"Casa Junco Palencia. Exposici\u00f3n de Milagros Isabel Cobos en Casa Junco. Un reto pintar esa ciudad, sus edificios como colosos, sus luces.\" \/>\n<meta property=\"og:url\" content=\"https:\/\/milagrosisabelcobos.com\/?page_id=185\" \/>\n<meta property=\"og:site_name\" content=\"Milagros Isabel Cobos - Artes Pl\u00e1sticas\" \/>\n<meta property=\"article:publisher\" content=\"https:\/\/www.facebook.com\/MilagrosIsabelCobos\/\" \/>\n<meta property=\"article:modified_time\" content=\"2023-06-11T16:17:57+00:00\" \/>\n<meta property=\"og:image\" content=\"https:\/\/milagrosisabelcobos.files.wordpress.com\/2023\/01\/cache_2463415455-1920w.webp?w=1024\" \/>\n<meta name=\"twitter:card\" content=\"summary_large_image\" \/>\n<meta name=\"twitter:label1\" content=\"Est. reading time\" \/>\n\t<meta name=\"twitter:data1\" content=\"13 minutes\" \/>\n<script type=\"application\/ld+json\" class=\"yoast-schema-graph\">{\"@context\":\"https:\/\/schema.org\",\"@graph\":[{\"@type\":\"WebPage\",\"@id\":\"https:\/\/milagrosisabelcobos.com\/?page_id=185\",\"url\":\"https:\/\/milagrosisabelcobos.com\/?page_id=185\",\"name\":\"Casa Junco Palencia - Milagros Isabel Cobos - Artes Pl\u00e1sticas\",\"isPartOf\":{\"@id\":\"https:\/\/milagrosisabelcobos.com\/#website\"},\"datePublished\":\"2023-01-22T18:35:08+00:00\",\"dateModified\":\"2023-06-11T16:17:57+00:00\",\"description\":\"Casa Junco Palencia. Exposici\u00f3n de Milagros Isabel Cobos en Casa Junco. Un reto pintar esa ciudad, sus edificios como colosos, sus luces.\",\"breadcrumb\":{\"@id\":\"https:\/\/milagrosisabelcobos.com\/?page_id=185#breadcrumb\"},\"inLanguage\":\"en-US\",\"potentialAction\":[{\"@type\":\"ReadAction\",\"target\":[\"https:\/\/milagrosisabelcobos.com\/?page_id=185\"]}]},{\"@type\":\"BreadcrumbList\",\"@id\":\"https:\/\/milagrosisabelcobos.com\/?page_id=185#breadcrumb\",\"itemListElement\":[{\"@type\":\"ListItem\",\"position\":1,\"name\":\"Portada\",\"item\":\"https:\/\/milagrosisabelcobos.com\/\"},{\"@type\":\"ListItem\",\"position\":2,\"name\":\"Casa Junco Palencia\"}]},{\"@type\":\"WebSite\",\"@id\":\"https:\/\/milagrosisabelcobos.com\/#website\",\"url\":\"https:\/\/milagrosisabelcobos.com\/\",\"name\":\"Milagros Isabel Cobos - Artes Pl\u00e1sticas\",\"description\":\"Expongo mi arte mediante mis cuadros\",\"publisher\":{\"@id\":\"https:\/\/milagrosisabelcobos.com\/#\/schema\/person\/54b511bad90fade2e4cc835c994ee368\"},\"alternateName\":\"Mila Isabel Cobos\",\"potentialAction\":[{\"@type\":\"SearchAction\",\"target\":{\"@type\":\"EntryPoint\",\"urlTemplate\":\"https:\/\/milagrosisabelcobos.com\/?s={search_term_string}\"},\"query-input\":\"required name=search_term_string\"}],\"inLanguage\":\"en-US\"},{\"@type\":[\"Person\",\"Organization\"],\"@id\":\"https:\/\/milagrosisabelcobos.com\/#\/schema\/person\/54b511bad90fade2e4cc835c994ee368\",\"name\":\"milagrosisabelcobos.com\",\"image\":{\"@type\":\"ImageObject\",\"inLanguage\":\"en-US\",\"@id\":\"https:\/\/milagrosisabelcobos.com\/#\/schema\/person\/image\/\",\"url\":\"https:\/\/milagrosisabelcobos.com\/wp-content\/uploads\/2023\/06\/MilagrosIsabelFoto.jpg\",\"contentUrl\":\"https:\/\/milagrosisabelcobos.com\/wp-content\/uploads\/2023\/06\/MilagrosIsabelFoto.jpg\",\"width\":305,\"height\":333,\"caption\":\"milagrosisabelcobos.com\"},\"logo\":{\"@id\":\"https:\/\/milagrosisabelcobos.com\/#\/schema\/person\/image\/\"},\"description\":\"Nacida en Segovia, Espa\u00f1a y con viajes alrededor del mundo para plasmar mi arte en mis cuadros.\",\"sameAs\":[\"http:\/\/milagrosisabelcobos.com\",\"https:\/\/www.facebook.com\/MilagrosIsabelCobos\/\",\"https:\/\/www.instagram.com\/milagrosisabelcobos\"]}]}<\/script>\n<!-- \/ Yoast SEO plugin. -->","yoast_head_json":{"title":"Casa Junco Palencia - Milagros Isabel Cobos - Artes Pl\u00e1sticas","description":"Casa Junco Palencia. Exposici\u00f3n de Milagros Isabel Cobos en Casa Junco. Un reto pintar esa ciudad, sus edificios como colosos, sus luces.","robots":{"index":"index","follow":"follow","max-snippet":"max-snippet:-1","max-image-preview":"max-image-preview:large","max-video-preview":"max-video-preview:-1"},"canonical":"https:\/\/milagrosisabelcobos.com\/?page_id=185","og_locale":"en_US","og_type":"article","og_title":"Casa Junco Palencia - Milagros Isabel Cobos - Artes Pl\u00e1sticas","og_description":"Casa Junco Palencia. Exposici\u00f3n de Milagros Isabel Cobos en Casa Junco. Un reto pintar esa ciudad, sus edificios como colosos, sus luces.","og_url":"https:\/\/milagrosisabelcobos.com\/?page_id=185","og_site_name":"Milagros Isabel Cobos - Artes Pl\u00e1sticas","article_publisher":"https:\/\/www.facebook.com\/MilagrosIsabelCobos\/","article_modified_time":"2023-06-11T16:17:57+00:00","og_image":[{"url":"https:\/\/milagrosisabelcobos.files.wordpress.com\/2023\/01\/cache_2463415455-1920w.webp?w=1024"}],"twitter_card":"summary_large_image","twitter_misc":{"Est. reading time":"13 minutes"},"schema":{"@context":"https:\/\/schema.org","@graph":[{"@type":"WebPage","@id":"https:\/\/milagrosisabelcobos.com\/?page_id=185","url":"https:\/\/milagrosisabelcobos.com\/?page_id=185","name":"Casa Junco Palencia - Milagros Isabel Cobos - Artes Pl\u00e1sticas","isPartOf":{"@id":"https:\/\/milagrosisabelcobos.com\/#website"},"datePublished":"2023-01-22T18:35:08+00:00","dateModified":"2023-06-11T16:17:57+00:00","description":"Casa Junco Palencia. Exposici\u00f3n de Milagros Isabel Cobos en Casa Junco. Un reto pintar esa ciudad, sus edificios como colosos, sus luces.","breadcrumb":{"@id":"https:\/\/milagrosisabelcobos.com\/?page_id=185#breadcrumb"},"inLanguage":"en-US","potentialAction":[{"@type":"ReadAction","target":["https:\/\/milagrosisabelcobos.com\/?page_id=185"]}]},{"@type":"BreadcrumbList","@id":"https:\/\/milagrosisabelcobos.com\/?page_id=185#breadcrumb","itemListElement":[{"@type":"ListItem","position":1,"name":"Portada","item":"https:\/\/milagrosisabelcobos.com\/"},{"@type":"ListItem","position":2,"name":"Casa Junco Palencia"}]},{"@type":"WebSite","@id":"https:\/\/milagrosisabelcobos.com\/#website","url":"https:\/\/milagrosisabelcobos.com\/","name":"Milagros Isabel Cobos - Artes Pl\u00e1sticas","description":"Expongo mi arte mediante mis cuadros","publisher":{"@id":"https:\/\/milagrosisabelcobos.com\/#\/schema\/person\/54b511bad90fade2e4cc835c994ee368"},"alternateName":"Mila Isabel Cobos","potentialAction":[{"@type":"SearchAction","target":{"@type":"EntryPoint","urlTemplate":"https:\/\/milagrosisabelcobos.com\/?s={search_term_string}"},"query-input":"required name=search_term_string"}],"inLanguage":"en-US"},{"@type":["Person","Organization"],"@id":"https:\/\/milagrosisabelcobos.com\/#\/schema\/person\/54b511bad90fade2e4cc835c994ee368","name":"milagrosisabelcobos.com","image":{"@type":"ImageObject","inLanguage":"en-US","@id":"https:\/\/milagrosisabelcobos.com\/#\/schema\/person\/image\/","url":"https:\/\/milagrosisabelcobos.com\/wp-content\/uploads\/2023\/06\/MilagrosIsabelFoto.jpg","contentUrl":"https:\/\/milagrosisabelcobos.com\/wp-content\/uploads\/2023\/06\/MilagrosIsabelFoto.jpg","width":305,"height":333,"caption":"milagrosisabelcobos.com"},"logo":{"@id":"https:\/\/milagrosisabelcobos.com\/#\/schema\/person\/image\/"},"description":"Nacida en Segovia, Espa\u00f1a y con viajes alrededor del mundo para plasmar mi arte en mis cuadros.","sameAs":["http:\/\/milagrosisabelcobos.com","https:\/\/www.facebook.com\/MilagrosIsabelCobos\/","https:\/\/www.instagram.com\/milagrosisabelcobos"]}]}},"_links":{"self":[{"href":"https:\/\/milagrosisabelcobos.com\/index.php?rest_route=\/wp\/v2\/pages\/185"}],"collection":[{"href":"https:\/\/milagrosisabelcobos.com\/index.php?rest_route=\/wp\/v2\/pages"}],"about":[{"href":"https:\/\/milagrosisabelcobos.com\/index.php?rest_route=\/wp\/v2\/types\/page"}],"author":[{"embeddable":true,"href":"https:\/\/milagrosisabelcobos.com\/index.php?rest_route=\/wp\/v2\/users\/1"}],"replies":[{"embeddable":true,"href":"https:\/\/milagrosisabelcobos.com\/index.php?rest_route=%2Fwp%2Fv2%2Fcomments&post=185"}],"version-history":[{"count":3,"href":"https:\/\/milagrosisabelcobos.com\/index.php?rest_route=\/wp\/v2\/pages\/185\/revisions"}],"predecessor-version":[{"id":309,"href":"https:\/\/milagrosisabelcobos.com\/index.php?rest_route=\/wp\/v2\/pages\/185\/revisions\/309"}],"wp:attachment":[{"href":"https:\/\/milagrosisabelcobos.com\/index.php?rest_route=%2Fwp%2Fv2%2Fmedia&parent=185"}],"curies":[{"name":"wp","href":"https:\/\/api.w.org\/{rel}","templated":true}]}}