{"id":62,"date":"2023-01-22T19:13:48","date_gmt":"2023-01-22T18:13:48","guid":{"rendered":"https:\/\/milagrosisabelcobos.wordpress.com\/?page_id=62"},"modified":"2023-06-11T17:03:15","modified_gmt":"2023-06-11T17:03:15","slug":"nueva-york-5pointz-milagros-isabel","status":"publish","type":"page","link":"https:\/\/milagrosisabelcobos.com\/?page_id=62","title":{"rendered":"Nueva York 5Pointz"},"content":{"rendered":"\n<p class=\"has-text-align-justify\">Hay cosas que trascienden su naturaleza y que, as\u00ed, pasan a convertirse en patrimonio com\u00fan. La Gioconda nos pertenece a todos porque desbord\u00f3 lo que es: el retrato de una mujer con las manos solapadas en el regazo, porque su dimensi\u00f3n rebas\u00f3 incluso la de esa mirada de la que se ha dicho tanto que resulta arriesgado arrimarle un adjetivo m\u00e1s. Se convirti\u00f3 en un icono. Lo mismo ocurre con lugares, y no hay ciudad tan ic\u00f3nica como Nueva York. Nueva York es leg\u00edtimamente de todos los que la han visto alguna vez en una imagen, una pel\u00edcula, tanto o m\u00e1s que de quien la pisa d\u00eda a d\u00eda. A fin de cuentas, cada persona que la mira, ve algo distinto.<\/p>\n\n\n\n<p class=\"has-text-align-justify\">Con eso juega precisamente la obra de Milagros Isabel Cobos que, desde la figuraci\u00f3n, trata de reflexionar sobre los espacios urbanos, las l\u00edneas que se suceden en una panor\u00e1mica repleta de edificios enhiestos, las aristas que se cruzan, las simetr\u00edas rotas. La percepci\u00f3n absolutamente personal del que mira y c\u00f3mo, de forma irremediable, el aspecto psicol\u00f3gico de ese observador modula aquello que retendr\u00e1 en la retina. Tambi\u00e9n en el ojo de la artista. 5Pointz, en el barrio de Queens, fue meca de artistas urbanos. La imagen que pint\u00f3 Milagros Isabel Cobos y da t\u00edtulo a la exposici\u00f3n ya no existe. El propietario borr\u00f3 todos los murales y ahora 23 artistas luchan en un juicio para que nadie pueda destruir obra pict\u00f3rica, est\u00e9 donde est\u00e9.<\/p>\n\n\n\n<figure class=\"wp-block-gallery has-nested-images columns-default is-cropped wp-block-gallery-1 is-layout-flex\">\n<figure class=\"wp-block-image size-large\"><img decoding=\"async\" data-id=\"66\"  src=\"https:\/\/milagrosisabelcobos.files.wordpress.com\/2023\/01\/5pointz73x60-1920w-1.webp?w=1024\" alt=\"\" class=\"wp-image-66\"\/><\/figure>\n\n\n\n<figure class=\"wp-block-image size-large\"><img decoding=\"async\" data-id=\"67\"  src=\"https:\/\/milagrosisabelcobos.files.wordpress.com\/2023\/01\/autobusturisticoenalbronx130x97-1920w-1.webp?w=1024\" alt=\"\" class=\"wp-image-67\"\/><\/figure>\n\n\n\n<figure class=\"wp-block-image size-large\"><img decoding=\"async\" loading=\"lazy\" width=\"1067\" height=\"800\" data-id=\"65\"  src=\"https:\/\/milagrosisabelcobos.files.wordpress.com\/2023\/01\/img-20171009-173839_orig-1920w.jpg?w=1024\" alt=\"\" class=\"wp-image-65\" srcset=\"https:\/\/milagrosisabelcobos.com\/wp-content\/uploads\/2023\/01\/img-20171009-173839_orig-1920w.jpg 1067w, https:\/\/milagrosisabelcobos.com\/wp-content\/uploads\/2023\/01\/img-20171009-173839_orig-1920w-300x225.jpg 300w, https:\/\/milagrosisabelcobos.com\/wp-content\/uploads\/2023\/01\/img-20171009-173839_orig-1920w-1024x768.jpg 1024w, https:\/\/milagrosisabelcobos.com\/wp-content\/uploads\/2023\/01\/img-20171009-173839_orig-1920w-768x576.jpg 768w\" sizes=\"(max-width: 1067px) 100vw, 1067px\" \/><\/figure>\n\n\n\n<figure class=\"wp-block-image size-large\"><img decoding=\"async\" loading=\"lazy\" width=\"1920\" height=\"1568\" data-id=\"69\"  src=\"https:\/\/milagrosisabelcobos.files.wordpress.com\/2023\/01\/vidanocturnaenlascallesdenewyork42x312-1920w.jpg?w=1024\" alt=\"\" class=\"wp-image-69\" srcset=\"https:\/\/milagrosisabelcobos.com\/wp-content\/uploads\/2023\/01\/vidanocturnaenlascallesdenewyork42x312-1920w.jpg 1920w, https:\/\/milagrosisabelcobos.com\/wp-content\/uploads\/2023\/01\/vidanocturnaenlascallesdenewyork42x312-1920w-300x245.jpg 300w, https:\/\/milagrosisabelcobos.com\/wp-content\/uploads\/2023\/01\/vidanocturnaenlascallesdenewyork42x312-1920w-1024x836.jpg 1024w, https:\/\/milagrosisabelcobos.com\/wp-content\/uploads\/2023\/01\/vidanocturnaenlascallesdenewyork42x312-1920w-768x627.jpg 768w, https:\/\/milagrosisabelcobos.com\/wp-content\/uploads\/2023\/01\/vidanocturnaenlascallesdenewyork42x312-1920w-1536x1254.jpg 1536w\" sizes=\"(max-width: 1920px) 100vw, 1920px\" \/><\/figure>\n\n\n\n<figure class=\"wp-block-image size-large\"><img decoding=\"async\" data-id=\"64\"  src=\"https:\/\/milagrosisabelcobos.files.wordpress.com\/2023\/01\/whatsapp-image-2017-10-09-at-18-43-44_orig-1920w.webp?w=1024\" alt=\"\" class=\"wp-image-64\"\/><\/figure>\n\n\n\n<figure class=\"wp-block-image size-large\"><img decoding=\"async\" loading=\"lazy\" width=\"1067\" height=\"800\" data-id=\"68\"  src=\"https:\/\/milagrosisabelcobos.files.wordpress.com\/2023\/01\/whatsapp-image-2017-10-09-at-18-45-05_orig-1920w-1.jpeg?w=1024\" alt=\"\" class=\"wp-image-68\" srcset=\"https:\/\/milagrosisabelcobos.com\/wp-content\/uploads\/2023\/01\/whatsapp-image-2017-10-09-at-18-45-05_orig-1920w-1.jpeg 1067w, https:\/\/milagrosisabelcobos.com\/wp-content\/uploads\/2023\/01\/whatsapp-image-2017-10-09-at-18-45-05_orig-1920w-1-300x225.jpeg 300w, https:\/\/milagrosisabelcobos.com\/wp-content\/uploads\/2023\/01\/whatsapp-image-2017-10-09-at-18-45-05_orig-1920w-1-1024x768.jpeg 1024w, https:\/\/milagrosisabelcobos.com\/wp-content\/uploads\/2023\/01\/whatsapp-image-2017-10-09-at-18-45-05_orig-1920w-1-768x576.jpeg 768w\" sizes=\"(max-width: 1067px) 100vw, 1067px\" \/><\/figure>\n<\/figure>\n","protected":false},"excerpt":{"rendered":"<p>Hay cosas que trascienden su naturaleza y que, as\u00ed, pasan a convertirse en patrimonio com\u00fan. La Gioconda nos pertenece a todos porque desbord\u00f3 lo que es: el retrato de una mujer con las manos solapadas en el regazo, porque su dimensi\u00f3n rebas\u00f3 incluso la de esa mirada de la que se ha dicho tanto que [&hellip;]<\/p>\n","protected":false},"author":1,"featured_media":0,"parent":0,"menu_order":0,"comment_status":"closed","ping_status":"closed","template":"","meta":{"_mi_skip_tracking":false,"_monsterinsights_sitenote_active":false,"_monsterinsights_sitenote_note":"","_monsterinsights_sitenote_category":0},"yoast_head":"<!-- This site is optimized with the Yoast SEO plugin v20.8 - https:\/\/yoast.com\/wordpress\/plugins\/seo\/ -->\n<title>Nueva York 5Pointz - Milagros Isabel Cobos - Artes Pl\u00e1sticas<\/title>\n<meta name=\"description\" content=\"Nueva York 5Pointz - Milagros Isabel. Trata de reflexionar sobre los espacios urbanos, las aristas que se cruzan...\" \/>\n<meta name=\"robots\" content=\"index, follow, max-snippet:-1, max-image-preview:large, max-video-preview:-1\" \/>\n<link rel=\"canonical\" href=\"https:\/\/milagrosisabelcobos.com\/?page_id=62\" \/>\n<meta property=\"og:locale\" content=\"en_US\" \/>\n<meta property=\"og:type\" content=\"article\" \/>\n<meta property=\"og:title\" content=\"Nueva York 5Pointz - Milagros Isabel Cobos - Artes Pl\u00e1sticas\" \/>\n<meta property=\"og:description\" content=\"Nueva York 5Pointz - Milagros Isabel. Trata de reflexionar sobre los espacios urbanos, las aristas que se cruzan...\" \/>\n<meta property=\"og:url\" content=\"https:\/\/milagrosisabelcobos.com\/?page_id=62\" \/>\n<meta property=\"og:site_name\" content=\"Milagros Isabel Cobos - Artes Pl\u00e1sticas\" \/>\n<meta property=\"article:publisher\" content=\"https:\/\/www.facebook.com\/MilagrosIsabelCobos\/\" \/>\n<meta property=\"article:modified_time\" content=\"2023-06-11T17:03:15+00:00\" \/>\n<meta property=\"og:image\" content=\"https:\/\/milagrosisabelcobos.files.wordpress.com\/2023\/01\/5pointz73x60-1920w-1.webp?w=1024\" \/>\n<meta name=\"twitter:card\" content=\"summary_large_image\" \/>\n<meta name=\"twitter:label1\" content=\"Est. reading time\" \/>\n\t<meta name=\"twitter:data1\" content=\"3 minutes\" \/>\n<script type=\"application\/ld+json\" class=\"yoast-schema-graph\">{\"@context\":\"https:\/\/schema.org\",\"@graph\":[{\"@type\":\"WebPage\",\"@id\":\"https:\/\/milagrosisabelcobos.com\/?page_id=62\",\"url\":\"https:\/\/milagrosisabelcobos.com\/?page_id=62\",\"name\":\"Nueva York 5Pointz - Milagros Isabel Cobos - Artes Pl\u00e1sticas\",\"isPartOf\":{\"@id\":\"https:\/\/milagrosisabelcobos.com\/#website\"},\"datePublished\":\"2023-01-22T18:13:48+00:00\",\"dateModified\":\"2023-06-11T17:03:15+00:00\",\"description\":\"Nueva York 5Pointz - Milagros Isabel. Trata de reflexionar sobre los espacios urbanos, las aristas que se cruzan...\",\"breadcrumb\":{\"@id\":\"https:\/\/milagrosisabelcobos.com\/?page_id=62#breadcrumb\"},\"inLanguage\":\"en-US\",\"potentialAction\":[{\"@type\":\"ReadAction\",\"target\":[\"https:\/\/milagrosisabelcobos.com\/?page_id=62\"]}]},{\"@type\":\"BreadcrumbList\",\"@id\":\"https:\/\/milagrosisabelcobos.com\/?page_id=62#breadcrumb\",\"itemListElement\":[{\"@type\":\"ListItem\",\"position\":1,\"name\":\"Portada\",\"item\":\"https:\/\/milagrosisabelcobos.com\/\"},{\"@type\":\"ListItem\",\"position\":2,\"name\":\"Nueva York 5Pointz\"}]},{\"@type\":\"WebSite\",\"@id\":\"https:\/\/milagrosisabelcobos.com\/#website\",\"url\":\"https:\/\/milagrosisabelcobos.com\/\",\"name\":\"Milagros Isabel Cobos - Artes Pl\u00e1sticas\",\"description\":\"Expongo mi arte mediante mis cuadros\",\"publisher\":{\"@id\":\"https:\/\/milagrosisabelcobos.com\/#\/schema\/person\/54b511bad90fade2e4cc835c994ee368\"},\"alternateName\":\"Mila Isabel Cobos\",\"potentialAction\":[{\"@type\":\"SearchAction\",\"target\":{\"@type\":\"EntryPoint\",\"urlTemplate\":\"https:\/\/milagrosisabelcobos.com\/?s={search_term_string}\"},\"query-input\":\"required name=search_term_string\"}],\"inLanguage\":\"en-US\"},{\"@type\":[\"Person\",\"Organization\"],\"@id\":\"https:\/\/milagrosisabelcobos.com\/#\/schema\/person\/54b511bad90fade2e4cc835c994ee368\",\"name\":\"milagrosisabelcobos.com\",\"image\":{\"@type\":\"ImageObject\",\"inLanguage\":\"en-US\",\"@id\":\"https:\/\/milagrosisabelcobos.com\/#\/schema\/person\/image\/\",\"url\":\"https:\/\/milagrosisabelcobos.com\/wp-content\/uploads\/2023\/06\/MilagrosIsabelFoto.jpg\",\"contentUrl\":\"https:\/\/milagrosisabelcobos.com\/wp-content\/uploads\/2023\/06\/MilagrosIsabelFoto.jpg\",\"width\":305,\"height\":333,\"caption\":\"milagrosisabelcobos.com\"},\"logo\":{\"@id\":\"https:\/\/milagrosisabelcobos.com\/#\/schema\/person\/image\/\"},\"description\":\"Nacida en Segovia, Espa\u00f1a y con viajes alrededor del mundo para plasmar mi arte en mis cuadros.\",\"sameAs\":[\"http:\/\/milagrosisabelcobos.com\",\"https:\/\/www.facebook.com\/MilagrosIsabelCobos\/\",\"https:\/\/www.instagram.com\/milagrosisabelcobos\"]}]}<\/script>\n<!-- \/ Yoast SEO plugin. -->","yoast_head_json":{"title":"Nueva York 5Pointz - Milagros Isabel Cobos - Artes Pl\u00e1sticas","description":"Nueva York 5Pointz - Milagros Isabel. Trata de reflexionar sobre los espacios urbanos, las aristas que se cruzan...","robots":{"index":"index","follow":"follow","max-snippet":"max-snippet:-1","max-image-preview":"max-image-preview:large","max-video-preview":"max-video-preview:-1"},"canonical":"https:\/\/milagrosisabelcobos.com\/?page_id=62","og_locale":"en_US","og_type":"article","og_title":"Nueva York 5Pointz - Milagros Isabel Cobos - Artes Pl\u00e1sticas","og_description":"Nueva York 5Pointz - Milagros Isabel. Trata de reflexionar sobre los espacios urbanos, las aristas que se cruzan...","og_url":"https:\/\/milagrosisabelcobos.com\/?page_id=62","og_site_name":"Milagros Isabel Cobos - Artes Pl\u00e1sticas","article_publisher":"https:\/\/www.facebook.com\/MilagrosIsabelCobos\/","article_modified_time":"2023-06-11T17:03:15+00:00","og_image":[{"url":"https:\/\/milagrosisabelcobos.files.wordpress.com\/2023\/01\/5pointz73x60-1920w-1.webp?w=1024"}],"twitter_card":"summary_large_image","twitter_misc":{"Est. reading time":"3 minutes"},"schema":{"@context":"https:\/\/schema.org","@graph":[{"@type":"WebPage","@id":"https:\/\/milagrosisabelcobos.com\/?page_id=62","url":"https:\/\/milagrosisabelcobos.com\/?page_id=62","name":"Nueva York 5Pointz - Milagros Isabel Cobos - Artes Pl\u00e1sticas","isPartOf":{"@id":"https:\/\/milagrosisabelcobos.com\/#website"},"datePublished":"2023-01-22T18:13:48+00:00","dateModified":"2023-06-11T17:03:15+00:00","description":"Nueva York 5Pointz - Milagros Isabel. Trata de reflexionar sobre los espacios urbanos, las aristas que se cruzan...","breadcrumb":{"@id":"https:\/\/milagrosisabelcobos.com\/?page_id=62#breadcrumb"},"inLanguage":"en-US","potentialAction":[{"@type":"ReadAction","target":["https:\/\/milagrosisabelcobos.com\/?page_id=62"]}]},{"@type":"BreadcrumbList","@id":"https:\/\/milagrosisabelcobos.com\/?page_id=62#breadcrumb","itemListElement":[{"@type":"ListItem","position":1,"name":"Portada","item":"https:\/\/milagrosisabelcobos.com\/"},{"@type":"ListItem","position":2,"name":"Nueva York 5Pointz"}]},{"@type":"WebSite","@id":"https:\/\/milagrosisabelcobos.com\/#website","url":"https:\/\/milagrosisabelcobos.com\/","name":"Milagros Isabel Cobos - Artes Pl\u00e1sticas","description":"Expongo mi arte mediante mis cuadros","publisher":{"@id":"https:\/\/milagrosisabelcobos.com\/#\/schema\/person\/54b511bad90fade2e4cc835c994ee368"},"alternateName":"Mila Isabel Cobos","potentialAction":[{"@type":"SearchAction","target":{"@type":"EntryPoint","urlTemplate":"https:\/\/milagrosisabelcobos.com\/?s={search_term_string}"},"query-input":"required name=search_term_string"}],"inLanguage":"en-US"},{"@type":["Person","Organization"],"@id":"https:\/\/milagrosisabelcobos.com\/#\/schema\/person\/54b511bad90fade2e4cc835c994ee368","name":"milagrosisabelcobos.com","image":{"@type":"ImageObject","inLanguage":"en-US","@id":"https:\/\/milagrosisabelcobos.com\/#\/schema\/person\/image\/","url":"https:\/\/milagrosisabelcobos.com\/wp-content\/uploads\/2023\/06\/MilagrosIsabelFoto.jpg","contentUrl":"https:\/\/milagrosisabelcobos.com\/wp-content\/uploads\/2023\/06\/MilagrosIsabelFoto.jpg","width":305,"height":333,"caption":"milagrosisabelcobos.com"},"logo":{"@id":"https:\/\/milagrosisabelcobos.com\/#\/schema\/person\/image\/"},"description":"Nacida en Segovia, Espa\u00f1a y con viajes alrededor del mundo para plasmar mi arte en mis cuadros.","sameAs":["http:\/\/milagrosisabelcobos.com","https:\/\/www.facebook.com\/MilagrosIsabelCobos\/","https:\/\/www.instagram.com\/milagrosisabelcobos"]}]}},"_links":{"self":[{"href":"https:\/\/milagrosisabelcobos.com\/index.php?rest_route=\/wp\/v2\/pages\/62"}],"collection":[{"href":"https:\/\/milagrosisabelcobos.com\/index.php?rest_route=\/wp\/v2\/pages"}],"about":[{"href":"https:\/\/milagrosisabelcobos.com\/index.php?rest_route=\/wp\/v2\/types\/page"}],"author":[{"embeddable":true,"href":"https:\/\/milagrosisabelcobos.com\/index.php?rest_route=\/wp\/v2\/users\/1"}],"replies":[{"embeddable":true,"href":"https:\/\/milagrosisabelcobos.com\/index.php?rest_route=%2Fwp%2Fv2%2Fcomments&post=62"}],"version-history":[{"count":1,"href":"https:\/\/milagrosisabelcobos.com\/index.php?rest_route=\/wp\/v2\/pages\/62\/revisions"}],"predecessor-version":[{"id":319,"href":"https:\/\/milagrosisabelcobos.com\/index.php?rest_route=\/wp\/v2\/pages\/62\/revisions\/319"}],"wp:attachment":[{"href":"https:\/\/milagrosisabelcobos.com\/index.php?rest_route=%2Fwp%2Fv2%2Fmedia&parent=62"}],"curies":[{"name":"wp","href":"https:\/\/api.w.org\/{rel}","templated":true}]}}